{"id":459,"date":"2018-10-22T04:05:04","date_gmt":"2018-10-22T04:05:04","guid":{"rendered":"https:\/\/customifysites.com\/outfit\/?page_id=459"},"modified":"2025-05-28T10:16:05","modified_gmt":"2025-05-28T08:16:05","slug":"o-nas","status":"publish","type":"page","link":"https:\/\/oldschool.pl\/index.php\/o-nas\/","title":{"rendered":"O nas"},"content":{"rendered":"<h3 style=\"text-align: center;\">Oficjalny sklep The Analogs oraz merch zaprzyja\u017anionych kapel.<\/h3>\n<h2><strong><a href=\"https:\/\/allegro.pl\/uzytkownik\/oldschoolpunx\/sklep\">SPRZEDA\u017b PROWADZIMY PRZEZ ALLEGRO- tu link-kliknij.<\/a><\/strong><\/h2>\n<p style=\"text-align: left;\">Nasza historia si\u0119ga lat 90-tych kiedy w Szczecinie dzia\u0142a\u0142 sklep pod nazw\u0105 Oldschool prowadzony przez gitarzyst\u0119 i za\u0142o\u017cyciela The Analogs, Pigu\u0142\u0119. Nast\u0119pnie przez kilka lat dzia\u0142a\u0142a strona internetowa pod tym adresem. Dzi\u015b kontynuujemy temat i zajmujemy si\u0119 sprzeda\u017c\u0105 oficjalnego merchu dla The Analogs.<\/p>\n<p style=\"text-align: left;\">Jeste\u015bmy producentem ca\u0142ego merchu The Analogs, czyli ciuch\u00f3w: bluz, koszulek i innych, akcesori\u00f3w oraz wydawc\u0105 p\u0142yt, w tym tak\u017ce zaprzyja\u017anionych kapel.<\/p>\n","protected":false},"excerpt":{"rendered":"<p>Kr\u00f3tka historia i czym si\u0119 zajmujemy<\/p>\n","protected":false},"author":2,"featured_media":979,"parent":0,"menu_order":0,"comment_status":"closed","ping_status":"closed","template":"","meta":{"footnotes":""},"class_list":["post-459","page","type-page","status-publish","has-post-thumbnail","hentry"],"_links":{"self":[{"href":"https:\/\/oldschool.pl\/index.php\/wp-json\/wp\/v2\/pages\/459","targetHints":{"allow":["GET"]}}],"collection":[{"href":"https:\/\/oldschool.pl\/index.php\/wp-json\/wp\/v2\/pages"}],"about":[{"href":"https:\/\/oldschool.pl\/index.php\/wp-json\/wp\/v2\/types\/page"}],"author":[{"embeddable":true,"href":"https:\/\/oldschool.pl\/index.php\/wp-json\/wp\/v2\/users\/2"}],"replies":[{"embeddable":true,"href":"https:\/\/oldschool.pl\/index.php\/wp-json\/wp\/v2\/comments?post=459"}],"version-history":[{"count":10,"href":"https:\/\/oldschool.pl\/index.php\/wp-json\/wp\/v2\/pages\/459\/revisions"}],"predecessor-version":[{"id":5975,"href":"https:\/\/oldschool.pl\/index.php\/wp-json\/wp\/v2\/pages\/459\/revisions\/5975"}],"wp:featuredmedia":[{"embeddable":true,"href":"https:\/\/oldschool.pl\/index.php\/wp-json\/wp\/v2\/media\/979"}],"wp:attachment":[{"href":"https:\/\/oldschool.pl\/index.php\/wp-json\/wp\/v2\/media?parent=459"}],"curies":[{"name":"wp","href":"https:\/\/api.w.org\/{rel}","templated":true}]}}