{"id":5081,"date":"2022-03-04T17:26:03","date_gmt":"2022-03-04T16:26:03","guid":{"rendered":"https:\/\/oldschool.pl\/?page_id=5081"},"modified":"2024-07-22T18:24:51","modified_gmt":"2024-07-22T16:24:51","slug":"the-analogs","status":"publish","type":"page","link":"https:\/\/oldschool.pl\/index.php\/the-analogs\/","title":{"rendered":"THE ANALOGS -ZESP\u00d3\u0141"},"content":{"rendered":"\n<h3 class=\"wp-block-heading\" style=\"font-style:normal;font-weight:800\">THE ANALOGS -SK\u0141AD<\/h3>\n\n\n\n<figure class=\"wp-block-image size-large\"><img loading=\"lazy\" decoding=\"async\" width=\"1024\" height=\"681\" src=\"https:\/\/oldschool.pl\/wp-content\/uploads\/2024\/07\/The-Analogs-fot-lukasz-Kozlowski-3-1024x681.jpg\" alt=\"\" class=\"wp-image-5959\" srcset=\"https:\/\/oldschool.pl\/wp-content\/uploads\/2024\/07\/The-Analogs-fot-lukasz-Kozlowski-3-1024x681.jpg 1024w, https:\/\/oldschool.pl\/wp-content\/uploads\/2024\/07\/The-Analogs-fot-lukasz-Kozlowski-3-300x200.jpg 300w, https:\/\/oldschool.pl\/wp-content\/uploads\/2024\/07\/The-Analogs-fot-lukasz-Kozlowski-3-768x511.jpg 768w, https:\/\/oldschool.pl\/wp-content\/uploads\/2024\/07\/The-Analogs-fot-lukasz-Kozlowski-3-600x399.jpg 600w, https:\/\/oldschool.pl\/wp-content\/uploads\/2024\/07\/The-Analogs-fot-lukasz-Kozlowski-3.jpg 1200w\" sizes=\"auto, (max-width: 1024px) 100vw, 1024px\" \/><\/figure>\n\n\n\n<p>Foto: \u0141ukasz Koz\u0142owski<\/p>\n\n\n\n<p>&nbsp;KAMIL \u201ePROSIAK\u201d ROSIAK &#8211; wokal, &nbsp;gitara&nbsp;<\/p>\n\n\n\n<p>PAWE\u0141 \u201ePIGU\u0141A\u201d CZEKA\u0141A&nbsp;&nbsp;&#8211;&nbsp; gitarzysta, wsp\u00f3\u0142za\u0142o\u017cyciel zespo\u0142u<\/p>\n\n\n\n<p>PRZEMYS\u0141AW \u201eBENON\u2019 KACZMAREK &#8211; bas<\/p>\n\n\n\n<p>JAREK GRUDA\u00a0&#8211; perkusja<\/p>\n\n\n\n<h3 class=\"wp-block-heading\" style=\"font-style:normal;font-weight:800\">KONTAKT Z ZESPO\u0141EM<\/h3>\n\n\n\n<p>Kontakt z zespo\u0142em ANALOGS \/ bookowanie&nbsp;koncert\u00f3w:<\/p>\n\n\n\n<p><a href=\"mailto:analogs@op.pl\">analogs@op.pl<\/a><br>+48 605-333-472<br>\u2014\u2014\u2014\u2014\u2013<br>W sprawach zwi\u0105zanych z zakupami ze sklepu&nbsp;Analogs pisz na adres:&nbsp;<a href=\"mailto:info@oldschool.pl?subject=wiadomo%C5%9B%C4%87%20ze%20strony%20www.analogs.pl\">info@oldschool.pl<\/a><\/p>\n\n\n\n<h3 class=\"wp-block-heading\" style=\"font-style:normal;font-weight:800\">MATERIA\u0141Y PROMO<\/h3>\n\n\n\n<ul class=\"wp-block-list\">\n<li><a href=\"https:\/\/oldschool.pl\/wp-content\/uploads\/2024\/01\/logo-The-Analogs.zip\">LOGO THE ANALOGS<\/a>  &lt;&#8212; pobierz<\/li>\n\n\n\n<li><a href=\"https:\/\/oldschool.pl\/wp-content\/uploads\/2024\/07\/The-Analogs-promo-foto-2024-1.zip\">ZDJ\u0118CIE THE ANALOGS- WYSOKA ROZDZIELCZO\u015a\u0106 <\/a>&lt;&#8212; pobierz<\/li>\n<\/ul>\n\n\n\n<h3 class=\"wp-block-heading\" style=\"font-style:normal;font-weight:800\">RIDER<\/h3>\n\n\n\n<p><a href=\"https:\/\/oldschool.pl\/wp-content\/uploads\/2022\/08\/RAIDER-2022-scaled.jpg\" data-type=\"URL\" data-id=\"https:\/\/oldschool.pl\/wp-content\/uploads\/2022\/08\/RAIDER-2022-scaled.jpg\" target=\"_blank\" rel=\"noreferrer noopener\">KLIKNIJ BY POBRA\u0106<\/a><\/p>\n","protected":false},"excerpt":{"rendered":"<p>THE ANALOGS -SK\u0141AD Foto: \u0141ukasz Koz\u0142owski &nbsp;KAMIL \u201ePROSIAK\u201d ROSIAK &#8211; wokal, &nbsp;gitara&nbsp; PAWE\u0141 \u201ePIGU\u0141A\u201d CZEKA\u0141A&nbsp;&nbsp;&#8211;&nbsp; gitarzysta, wsp\u00f3\u0142za\u0142o\u017cyciel zespo\u0142u PRZEMYS\u0141AW \u201eBENON\u2019 KACZMAREK &#8211; bas JAREK GRUDA\u00a0&#8211;&hellip;<\/p>\n","protected":false},"author":1,"featured_media":0,"parent":0,"menu_order":0,"comment_status":"closed","ping_status":"closed","template":"","meta":{"footnotes":""},"class_list":["post-5081","page","type-page","status-publish","hentry"],"_links":{"self":[{"href":"https:\/\/oldschool.pl\/index.php\/wp-json\/wp\/v2\/pages\/5081","targetHints":{"allow":["GET"]}}],"collection":[{"href":"https:\/\/oldschool.pl\/index.php\/wp-json\/wp\/v2\/pages"}],"about":[{"href":"https:\/\/oldschool.pl\/index.php\/wp-json\/wp\/v2\/types\/page"}],"author":[{"embeddable":true,"href":"https:\/\/oldschool.pl\/index.php\/wp-json\/wp\/v2\/users\/1"}],"replies":[{"embeddable":true,"href":"https:\/\/oldschool.pl\/index.php\/wp-json\/wp\/v2\/comments?post=5081"}],"version-history":[{"count":16,"href":"https:\/\/oldschool.pl\/index.php\/wp-json\/wp\/v2\/pages\/5081\/revisions"}],"predecessor-version":[{"id":5960,"href":"https:\/\/oldschool.pl\/index.php\/wp-json\/wp\/v2\/pages\/5081\/revisions\/5960"}],"wp:attachment":[{"href":"https:\/\/oldschool.pl\/index.php\/wp-json\/wp\/v2\/media?parent=5081"}],"curies":[{"name":"wp","href":"https:\/\/api.w.org\/{rel}","templated":true}]}}